{"id":5332,"date":"2022-05-13T10:40:58","date_gmt":"2022-05-13T10:40:58","guid":{"rendered":"https:\/\/www.citcem.org\/xencontro\/?page_id=5332"},"modified":"2022-10-28T15:17:12","modified_gmt":"2022-10-28T15:17:12","slug":"calendario","status":"publish","type":"page","link":"https:\/\/www.citcem.org\/xencontro\/calendario\/","title":{"rendered":"Calend\u00e1rio"},"content":{"rendered":"<p style=\"text-align: center;\"><del>31 de julho &#8211; rece\u00e7\u00e3o das propostas (<em>Call for abstracts<\/em>)<\/del><\/p>\n<p style=\"text-align: center;\"><del>20 de setembro &#8211; divulga\u00e7\u00e3o das propostas aceites<\/del><\/p>\n<p style=\"text-align: center;\"><del>20 de setembro a 25 de outubro &#8211; inscri\u00e7\u00f5es<\/del><\/p>\n<p style=\"text-align: center;\"><strong>31 de outubro &#8211; divulga\u00e7\u00e3o do programa<\/strong><\/p>\n<p style=\"text-align: center;\">16-18 de novembro &#8211; realiza\u00e7\u00e3o do X Encontro CITCEM (Casa dos Livros (Palacete Burmester))<\/p>\n<p style=\"text-align: center;\">19 de novembro &#8211; sa\u00edda de campo com a \u00abRio Neiva &#8211; Associa\u00e7\u00e3o Defesa do Ambiente\u00bb, Esposende.<\/p>\n","protected":false},"excerpt":{"rendered":"<p>31 de julho &#8211; rece\u00e7\u00e3o das propostas (Call for abstracts) 20 de setembro &#8211; divulga\u00e7\u00e3o das propostas aceites 20 de setembro a 25 de outubro &#8211; inscri\u00e7\u00f5es 31 de outubro &#8211; divulga\u00e7\u00e3o do programa 16-18 de novembro &#8211; realiza\u00e7\u00e3o do X Encontro CITCEM (Casa dos Livros (Palacete Burmester)) 19 de novembro &#8211; sa\u00edda de campo&#8230; <\/p>\n<div class=\"clear\"><\/div>\n<p><a href=\"https:\/\/www.citcem.org\/xencontro\/calendario\/\" class=\"gdlr-info-font excerpt-read-more\">Read More<\/a><\/p>\n","protected":false},"author":1,"featured_media":5551,"parent":0,"menu_order":0,"comment_status":"closed","ping_status":"closed","template":"","meta":[],"_links":{"self":[{"href":"https:\/\/www.citcem.org\/xencontro\/wp-json\/wp\/v2\/pages\/5332"}],"collection":[{"href":"https:\/\/www.citcem.org\/xencontro\/wp-json\/wp\/v2\/pages"}],"about":[{"href":"https:\/\/www.citcem.org\/xencontro\/wp-json\/wp\/v2\/types\/page"}],"author":[{"embeddable":true,"href":"https:\/\/www.citcem.org\/xencontro\/wp-json\/wp\/v2\/users\/1"}],"replies":[{"embeddable":true,"href":"https:\/\/www.citcem.org\/xencontro\/wp-json\/wp\/v2\/comments?post=5332"}],"version-history":[{"count":10,"href":"https:\/\/www.citcem.org\/xencontro\/wp-json\/wp\/v2\/pages\/5332\/revisions"}],"predecessor-version":[{"id":5553,"href":"https:\/\/www.citcem.org\/xencontro\/wp-json\/wp\/v2\/pages\/5332\/revisions\/5553"}],"wp:featuredmedia":[{"embeddable":true,"href":"https:\/\/www.citcem.org\/xencontro\/wp-json\/wp\/v2\/media\/5551"}],"wp:attachment":[{"href":"https:\/\/www.citcem.org\/xencontro\/wp-json\/wp\/v2\/media?parent=5332"}],"curies":[{"name":"wp","href":"https:\/\/api.w.org\/{rel}","templated":true}]}}