{"id":4094,"date":"2016-04-18T12:17:58","date_gmt":"2016-04-18T12:17:58","guid":{"rendered":"http:\/\/localhost:8888\/20160609\/?page_id=4094"},"modified":"2022-08-02T14:45:44","modified_gmt":"2022-08-02T14:45:44","slug":"propostas","status":"publish","type":"page","link":"https:\/\/www.citcem.org\/xencontro\/propostas\/","title":{"rendered":"Propostas (encerrado)"},"content":{"rendered":"<h3>Submiss\u00e3o &#8211; X Encontro CITCEM (encerrado)<\/h3>\n<p>Cada abstract deve conter os seguintes elementos:<\/p>\n<ul>\n<li>Nome do(s) autor(es)<\/li>\n<li>T\u00edtulo<\/li>\n<li>Texto (m\u00e1ximo de 350 palavras)<\/li>\n<li>3-5 palavras-chave<\/li>\n<li>Linha(s) tem\u00e1tica(s) a que submete (por ordem de relev\u00e2ncia)<\/li>\n<li>Biografia resumida (m\u00e1ximo de 150 palavras)<\/li>\n<\/ul>\n<p><strong>L\u00ednguas aceites para submiss\u00e3o<\/strong>: Portugu\u00eas, Ingl\u00eas e Espanhol<\/p>\n<p>&nbsp;<\/p>\n","protected":false},"excerpt":{"rendered":"<p>Submiss\u00e3o &#8211; X Encontro CITCEM (encerrado) Cada abstract deve conter os seguintes elementos: Nome do(s) autor(es) T\u00edtulo Texto (m\u00e1ximo de 350 palavras) 3-5 palavras-chave Linha(s) tem\u00e1tica(s) a que submete (por ordem de relev\u00e2ncia) Biografia resumida (m\u00e1ximo de 150 palavras) L\u00ednguas aceites para submiss\u00e3o: Portugu\u00eas, Ingl\u00eas e Espanhol &nbsp;<\/p>\n","protected":false},"author":1,"featured_media":0,"parent":0,"menu_order":0,"comment_status":"closed","ping_status":"closed","template":"","meta":[],"_links":{"self":[{"href":"https:\/\/www.citcem.org\/xencontro\/wp-json\/wp\/v2\/pages\/4094"}],"collection":[{"href":"https:\/\/www.citcem.org\/xencontro\/wp-json\/wp\/v2\/pages"}],"about":[{"href":"https:\/\/www.citcem.org\/xencontro\/wp-json\/wp\/v2\/types\/page"}],"author":[{"embeddable":true,"href":"https:\/\/www.citcem.org\/xencontro\/wp-json\/wp\/v2\/users\/1"}],"replies":[{"embeddable":true,"href":"https:\/\/www.citcem.org\/xencontro\/wp-json\/wp\/v2\/comments?post=4094"}],"version-history":[{"count":10,"href":"https:\/\/www.citcem.org\/xencontro\/wp-json\/wp\/v2\/pages\/4094\/revisions"}],"predecessor-version":[{"id":5677,"href":"https:\/\/www.citcem.org\/xencontro\/wp-json\/wp\/v2\/pages\/4094\/revisions\/5677"}],"wp:attachment":[{"href":"https:\/\/www.citcem.org\/xencontro\/wp-json\/wp\/v2\/media?parent=4094"}],"curies":[{"name":"wp","href":"https:\/\/api.w.org\/{rel}","templated":true}]}}